{"id":4333,"date":"2023-05-17T10:56:46","date_gmt":"2023-05-17T08:56:46","guid":{"rendered":"https:\/\/hosteocasion.es\/?page_id=4333"},"modified":"2023-10-17T20:04:57","modified_gmt":"2023-10-17T18:04:57","slug":"terminos-y-condiciones","status":"publish","type":"page","link":"https:\/\/hosteocasion.es\/en\/terminos-y-condiciones\/","title":{"rendered":"Terms and Conditions"},"content":{"rendered":"<div data-elementor-type=\"wp-page\" data-elementor-id=\"4333\" class=\"elementor elementor-4333\" data-elementor-post-type=\"page\">\n\t\t\t\t\t\t<section class=\"elementor-section elementor-top-section elementor-element elementor-element-2cfb96db elementor-section-boxed elementor-section-height-default elementor-section-height-default\" data-id=\"2cfb96db\" data-element_type=\"section\">\n\t\t\t\t\t\t<div class=\"elementor-container elementor-column-gap-default\">\n\t\t\t\t\t<div class=\"elementor-column elementor-col-100 elementor-top-column elementor-element elementor-element-914afa0\" data-id=\"914afa0\" data-element_type=\"column\">\n\t\t\t<div class=\"elementor-widget-wrap elementor-element-populated\">\n\t\t\t\t\t\t<div class=\"elementor-element elementor-element-7880d180 elementor-widget elementor-widget-text-editor\" data-id=\"7880d180\" data-element_type=\"widget\" data-widget_type=\"text-editor.default\">\n\t\t\t\t<div class=\"elementor-widget-container\">\n\t\t\t\t\t\t\t\t\t<ol><li><em><u>Holder's identification data<\/u><\/em><\/li><\/ol><p>These general terms and conditions of sale regulate in a comprehensive manner all sales transactions that may be offered, provided or carried out from the website and online shop located on the website.\u00a0<a href=\"https:\/\/hosteocasion.es\/en\/\">https:\/\/hosteocasion.es<\/a> \u00a0Hosteocasion\u2122 is a trademark of Francisco Monroy Industrias S.L. CIF B03904836, with address for these purposes at Avda. Finestrat 25, 03509 Finestrat (Alicante). Telephone 965 85 15 79 and e-mail address <a href=\"mailto:info@hosteocasion.com\">info@hosteocasion.com<\/a><\/p><p>These terms and conditions may be modified by Hosteocasion\u2122 at any time, and the user will be informed of the existence of any new version of these terms and conditions containing substantial changes.<\/p><p><strong>Hacemos presente que las ventas en esta web s\u00f3lo se realizan a profesionales, no es una venta a particulares, con lo que no es de aplicaci\u00f3n la ley Ley 23\/2003, de 10 de julio, de Garant\u00edas en la Venta de Bienes de Consumo, dada la aplicaci\u00f3n de la misma a los particulares y no a las actividades comerciales B<\/strong><strong>2B.<\/strong><\/p><ol start=\"2\"><li><em><u>The user<\/u><\/em><\/li><\/ol><p>Access, browsing and use of the Website confers the condition of user, and as such, from the moment you start browsing, you accept all the Conditions established here, as well as any subsequent modifications, without prejudice to the application of the corresponding legal regulations of obligatory compliance as the case may be.<\/p><p>The User assumes responsibility for the correct use of the Website. This responsibility extends to:<\/p><ul><li>Use this Website only to make legally valid enquiries and purchases or acquisitions.\u00a0<\/li><li>Do not make any false or fraudulent purchases.\u00a0<\/li><li>To confirm that all data provided are truthful and lawful.<\/li><\/ul><p>The User declares that he\/she is over 18 years of age and\/or has the legal capacity to enter into contracts through this Website.<\/p><p>The Website is primarily intended for Professional Users in the hospitality industry residing in the EU and is governed by Spanish legal guidelines, and Hosteocasion\u2122 makes no representation that the Website complies with the laws of other countries, either in whole or in part.<\/p><ol start=\"3\"><li><em><u> Applicability of general conditions<\/u><\/em><\/li><\/ol><p>These terms and conditions apply to all quotations, offers, activities, agreements and deliveries of products by or on behalf of Hosteocasion\u2122.<\/p><p>Deviation from these conditions is only possible if the parties have explicitly agreed in writing.\u00a0<\/p><ol start=\"4\"><li><em><u> Object<\/u><\/em><\/li><\/ol><p>These terms and conditions shall govern the use of the Hosteocasion\u2122 website and online shop as indicated above, making them available to its users and customers.<\/p><p>Purchases in\u00a0<a href=\"http:\/\/lenceriatatiana.store\/\" target=\"_blank\" rel=\"noopener\">https:\/\/hosteocasion.es\/<\/a> \u00a0<em><u>can be placed from any part of Spain through these conditions, which would vary if the order is placed from any other EU country.<\/u><\/em>. Los productos y servicios que\u00a0Hosteocasion\u2122 vende a trav\u00e9s de su p\u00e1gina web son, principalmente: maquinaria nueva y\/o usada y revisiada para la Hosteler\u00eda y para profesionales del sector HORECA.<\/p><p>These General Terms and Conditions have been drawn up in accordance with the provisions of Law 34\/2002, on information society services and electronic commerce, the RGPD EU 2016\/679, its Spanish transposition, the LOPD-GDD 3\/2018 and the Spanish Civil Code.<\/p><p><strong>Informarles que debido a que la relaci\u00f3n contractual es de profesional a profesional, <\/strong><strong>Hosteocasion\u2122 est\u00e1 exonerada del cumplimiento del <\/strong><strong>Real Decreto Legislativo 1\/2007, de 16 noviembre <\/strong><strong>y su reglamento, Real Decreto 306\/2019, de 26 de abril, por el que se aprueba el texto refundido de la Ley General para la Defensa de los Consumidores y Usuarios, la Ley 23\/2003, de 10 de julio, de Garant\u00edas en la Venta de Bienes de Consumo y otras leyes complementarias, todas ellas disposiciones legales de obligada aplicaci\u00f3n para particulares.<\/strong><\/p><p>Hosteocasion\u2122 podr\u00e1 modificarlas sin previo aviso, de manera que recomienda una peri\u00f3dica consulta de las mismas, m\u00e1s a\u00fan cuando se disponga a hacer un uso efectivo de su tienda online. No obstante,\u00a0Hosteocasion \u2122 se compromete siempre a tenerlas actualizadas, a publicar la \u00faltima versi\u00f3n y permitir su acceso e impresi\u00f3n en cualquier momento.<\/p><p><u>Use of Images<\/u><\/p><p>Hosteocasion\u2122, uses its own images and those of third parties by means of a contract of use tender, which are copyrighted by the owner firms.<\/p><p>The contents may not be copied, modified, reproduced, communicated to the public, presented, distributed or used in any other way for commercial purposes.<\/p><p>It is authorised for the use for which it has been contracted exclusively.<\/p><p><strong>Ownership is not transferred<\/strong>The design may not be used in third-party products, not made by its owner.<\/p><p>The user acknowledges that the images they may receive are protected by intellectual, industrial or other property rights and that any use of these images in violation of these rights will be prosecuted in accordance with current legislation.<\/p><ol start=\"5\"><li><em><u> Conditions of access and purchase<\/u><\/em><\/li><\/ol><p>El acceso al Portal de\u00a0Hosteocasion\u2122 es libre y atribuye a quien lo realiza la condici\u00f3n de Usuario, independientemente del posterior uso de los servicios ofrecidos.<\/p><p>Hosteocasion\u2122 undertakes not to allow any transaction that is illegal, or is deemed by the credit card brands or acquiring bank, that may or has the potential to damage their goodwill or negatively influence them.<\/p><p>The following activities are prohibited under the card brand programmes: the sale or offer of a product or service that is not in full compliance with all laws applicable to the Buyer, Issuing Bank, Merchant, Cardholder, or payment platforms.<\/p><p>El Usuario deber\u00e1 facilitar sus datos profesionales con el objeto de comprar en nuestra tienda debiendo proceder a la cumplimentaci\u00f3n de un formulario, lo que podr\u00e1 comportar asignar unas credenciales personales compuestas por un identificador \u00fanico (como podr\u00eda ser la direcci\u00f3n de correo electr\u00f3nico) y una contrase\u00f1a, cuya conservaci\u00f3n y custodia depender\u00e1 exclusivamente del Usuario, quien deber\u00e1 operar con ellas con la diligencia debida. Por lo tanto, no utilizar\u00e1 otras claves que no sean las suyas, con el objeto de suplantar a otros Usuarios en la utilizaci\u00f3n de la web y sus servicios. \u00a0<\/p><p>The purchase of the products in\u00a0<a href=\"http:\/\/lenceriatatiana.store\/\" target=\"_blank\" rel=\"noopener\">https:\/\/hosteocasion.es\/<\/a> \u00a0may only be made by users with the legal capacity to make purchases according to current legislation, who must follow the steps and instructions that will accompany the entire purchase process, consisting of, but not limited to, the following:<\/p><p>(i) Completion of the registration form or the identification form for previously registered users;<\/p><p>(ii) On-screen display of the order summary, delivery conditions and - if applicable - shipping costs;<\/p><p>(iii) Acceptance of purchase conditions, which implies the reading, understanding and irrevocable acceptance of each and every one of the present General Conditions, as well as, if applicable, of the existing Special Conditions, and<\/p><p>(iv) Immediate receipt of summary e-mail to the account used for registration or - failing that - as soon as possible and always within twenty-four hours.<\/p><p>It is not permitted to purchase products or services in the following ways\u00a0<a href=\"http:\/\/lenceriatatiana.store\/\" target=\"_blank\" rel=\"noopener\">https:\/\/hosteocasion.es\/<\/a> \u00a0for subsequent distribution or resale, either in public establishments or in the domestic sphere, except in the case where there is an express written agreement with Hosteocasion\u2122 , for which it will regulate and authorise the necessary permits if at any time it consents to it, so it would notify the authorised agent of such authorisation.<\/p><ol start=\"6\"><li><em><u> Orders<\/u><\/em><\/li><\/ol><p>No valid order can be placed without expressly accepting, through the boxes provided for this purpose, the terms and conditions and privacy policy of Hosteocasion\u2122.<\/p><p>All orders shall be considered offers to purchase subject to these terms and conditions, where Hosteocasion\u2122 reserves the right to accept the same if the requirements of these terms and conditions are not met.<\/p><p>Once an order has been placed, the system automatically generates a confirmation of receipt of the order, assigning an order number. However, this confirmation does not imply automatic acceptance of the order, as Hosteocasion\u2122 reserves the right to collect additional information related to identity and address to guarantee both the correct delivery of the order and to ensure the absence of fraud related to transactions.<\/p><p>Orders can be placed 365 days a year, at any time, except at times when the service is suspended for maintenance or other commercial circumstances and\/or force majeure.<\/p><p>Any order is subject to temporary availability of the product. \u00a0<\/p><p>Todos los preci<\/p><ol start=\"7\"><li><em><u> Delivery<\/u><\/em><\/li><\/ol><p>Delivery shall be deemed to have taken place when the user or a third party indicated by the user acquires material possession of the products.<\/p><p>El plazo de entrega para el pedido variar\u00e1 seg\u00fan la tipolog\u00eda de servicio que se tenga que realizar y el m\u00e9todo de env\u00edo seleccionado, comunic\u00e1ndose previamente mediante correo electr\u00f3nico u otro medio de comunicaci\u00f3n designado para la concreci\u00f3n del mismo.<\/p><p>If the addressee is absent at the time of delivery, a notice will be left so that he\/she can pick up the shipment at the place and within the time indicated. After the deadline has passed without collection, the shipment will be returned to Hosteocasion\u2122.<\/p><ol start=\"8\"><li><em><u> Price and payment<\/u><\/em><\/li><\/ol><p>Se entiende que el precio de cada producto es el que aparecer\u00e1 en la p\u00e1gina web, El usuario deber\u00e1 abonar el precio marcado, el cual se expresa \u00fanicamente en Euros \u20ac, incluyendo los impuestos aplicables,\u00a0junto con los gastos de env\u00edo que se pactar\u00e1n en las comunicaciones posteriores, que se a\u00f1adir\u00e1n al precio final a pagar.\u00a0<\/p><p>Prices may be changed by Hosteocasion\u2122 at any time and without prior notice without affecting orders already confirmed. However, even if confirmed, Hosteocasion\u2122 shall not be obliged to honour orders when the price is incorrect, especially when the error is manifest and easily recognisable.<\/p><p>The accepted means of payment are:\u00a0<\/p><p>Payment by credit or debit card via Virtual POS through the platform of Banco Santander (through its platform <a href=\"https:\/\/www.getneteurope.com\/es\/politica-de-privacidad\" target=\"_blank\" rel=\"noopener\">https:\/\/www.getneteurope.com\/es\/politica-de-privacidad<\/a>), where the parties reserve the right NOT to accept certain payments with certain credit cards,<\/p><p>Payment by credit\/debit card: The charge is made online, i.e. in real time, through the payment gateway of the corresponding financial institution and once it has been verified that the data provided are correct.<\/p><p>Giving maximum security to the payment system\u00a0<a href=\"http:\/\/lenceriatatiana.store\/\" target=\"_blank\" rel=\"noopener\">https:\/\/hosteocasion.es\/<\/a> \u00a0Hosteocasion\u2122 uses secure payment systems of leading financial institutions in e-commerce. In this sense, confidential data is transmitted directly and in encrypted form (SSL) to the corresponding financial institution. The SSL encryption system used confers total security to the transmission of data through the network. Customer data are fully confidential and protected. Credit card details are not recorded in any of our databases. They are only used in the virtual POS (Point of Sale Terminal) of Hosteocasion\u2122's financial institution, through its Secure Payment Gateway. Credit cards will be subject to verification and authorisation by the credit card issuer, but if the credit card issuer does not authorise payment, Hosteocasion\u2122 is not responsible for any delay or non-delivery and will not be able to enter into any Contract with the customer. Hosteocasion\u2122 reserves the right to verify the personal details supplied by the customer and to take any action it deems appropriate (including cancellation of the order) to ensure that the goods purchased are delivered in accordance with the details on the order.\u00a0<\/p><p>Hosteocasion\u2122 reserves the right to change the payment methods, and may create new ones or eliminate any of the existing ones, without the user\/customer being able to make claims for this reason. However, if the change in the payment method affects an order already placed, Hosteocasion\u2122 will contact the customer to inform him\/her of the change, offering him\/her the different possible options.<\/p><p>Todos los precios marcados en la presente web, son \u00fanica y exclusivamente valorados en Euros<\/p><ol start=\"9\"><li><em><u> Right of withdrawal, incidents and refunds<\/u><\/em><\/li><\/ol><p><em><u>Withdrawal<\/u><\/em><\/p><p>Debido a que la contrataci\u00f3n de nuestros servicios corresponde principalmente a <u>maquinaria de segunda mano para profesionales<\/u>, que los costes de los mismos no entran dentro del apartado de elementos comodity y que el coste de los portes puede llegar a ser elevado debido a vol\u00famenes y pesos y de acuerdo con al art\u00edculo 103 del Real Decreto Legislativo 1\/2007, Hosteocasion\u2122 queda exonerada del derecho de desistimiento por parte del cliente. Si bien, antes de la realizaci\u00f3n del pedido en firme, se habr\u00e1n realizado todas las pruebas pertinentes para su aceptaci\u00f3n, una vez aceptada dicha prueba no se admiten devoluciones relacionadas con el dise\u00f1o del producto aprobado, indic\u00e1ndoles de ante mano que las im\u00e1genes en pantalla pueden difierir de la realidad, principalmente debido a la utilizaci\u00f3n de fotograf\u00edas de peque\u00f1o tama\u00f1o que pueden no reflejar todas las situaciones del bien solicitado.<\/p><p>En el caso de incidecia con el material comprado, el usuario debe de realizar una comunicaci\u00f3n inmediata con nuestra plataforma de atenci\u00f3n a cliente a trav\u00e9s del correo <a href=\"mailto:info@hosteocasion.com\">info@hosteocasion.com<\/a> con toda la informaci\u00f3n posible sobre la misma, inmediatamente nos pondremos en contacto con usted para intentar solucionar la incidencia y evaluar la acci\u00f3n a realizar, dilucidando quien es el responsable directo de la misma y actuando en consecuencia.<\/p><p>En el caso de devoluci\u00f3n por garant\u00eda, esta se realizar\u00e1 por nuestros medios, si bien se requerir\u00e1 al cliente que realicen los correspondientes embalajes, al menos con los mismos niveles de seguridad y protecci\u00f3n que los que recibi\u00f3 en el momento de la entrega.<\/p><p>En el caso de devoluci\u00f3n directa por el cliente y dado que los portes est\u00e1n pactados para el env\u00edo, estos no podr\u00e1n superar el coste de los de env\u00edo y ser\u00e1n a cargo del cliente.<\/p><ol start=\"10\"><li><em><u> Guarantee <\/u><\/em><\/li><\/ol><p>Due to the fact that the items sold on this website are second hand, Hosteocasion\u2122 is exempt from extending the manufacturers' own warranties, which may have expired at the time of sale, however, Hosteocasion\u2122 gives an additional 1 month warranty from the time the order is received by the customer.<\/p><p>GARANT\u00cdA MAQUINARIA NUEVA<\/p><ol><li>A) CONDICIONES GENERALES DE LA GARANT\u00cdA DE MAQUINARIA NUEVA<\/li><li>Toda maquinaria nueva tendr\u00e1 la garant\u00eda ofrecida por el fabricante y detallada en la documentaci\u00f3n adjunta a la m\u00e1quina. Por lo general, la garant\u00eda del fabricante de maquinaria industrial cubre durante el plazo de un a\u00f1o a partir de la fecha de recepci\u00f3n del la m\u00e1quina.<br \/>2. La garant\u00eda solo ampara defectos de fabricaci\u00f3n y piezas defectuosas, las cuales se canjear\u00e1n una vez verificadas.<br \/>3. EXCLUSIONES DE LA GARANT\u00cdA \u2013 Queda excluido de la cobertura de la garant\u00eda, y por tanto ser\u00e1 a cargo del usuario el coste de las horas de la reparaci\u00f3n, transporte y desplazamiento, en los siguientes casos:<\/li><\/ol><ul><li>3.1. La aver\u00edas provocadas por negligencia o mal uso del aparato por parte del consumidor.<\/li><li>3.2. Las aver\u00edas producidas por causas de caso fortuito, fuerza mayor (fen\u00f3menos atmosf\u00e9ricos o geol\u00f3gicos) y siniestros.<\/li><li>3.3. Las intervenciones que se deriven de una instalaci\u00f3n incorrecta o de la falta de mantenimiento.<\/li><li>3.4. La aplicaci\u00f3n de productos qu\u00edmicos inadecuados o la acumulaci\u00f3n de residuos, tales como grasa o cal, originada por falta de limpieza.<\/li><li>3.5. La ubicaci\u00f3n incorrecta de la m\u00e1quina<\/li><li>3.6. Los desgastes o deterioros est\u00e9ticos producidos por el uso<\/li><\/ul><ol start=\"4\"><li>El servicio de instalaci\u00f3n, mano de obra, reparaci\u00f3n o mantenimiento posterior correr\u00e1 a cargo del comprador exclusivamente.<br \/>5. La garant\u00eda \u00fanicamente se responsabiliza de materiales o piezas, no haci\u00e9ndose cargo en ning\u00fan caso de indemnizaci\u00f3n alguna.<br \/>6. Los materiales de reposici\u00f3n se enviar\u00e1n siempre por cuenta y riesgo del comprador, y ser\u00e1n facturados al mismo.<br \/>7. Sustituida la pieza, el comprador remitir\u00e1 la defectuosa a la empresa vendedora para verificar la aver\u00eda y validar la garant\u00eda con el fabricante.<br \/>8. Una vez verificado, maquinariahosteleria.es har\u00e1 el abono correspondiente y la devoluci\u00f3n del dinero al comprador.<\/li><\/ol><p>GARANT\u00cdA M\u00c1QUINAS DE SEGUNDA MANO<\/p><ol><li>B) CONDICIONES GENERALES DE LA GARANT\u00cdA DE MAQUINARIA DE SEGUNDA MANO<\/li><\/ol><ol><li>Toda m\u00e1quina usada o de segunda mano tendr\u00e1 la garant\u00eda extraordinaria a la garant\u00eda del fabricante, que cada equipo puede tener una diferente y que posiblemente en el momento de la venta del product est\u00e9 extinta, <strong>de 1 mes desde la entrega del producto comprado.<\/strong><\/li><li>Este plazo de la garant\u00eda aparecer\u00e1 perfectamente detallado en la ficha del producto\u00a0anunciado en esta web (maquinariahosteleria.es).<\/li><li>Toda m\u00e1quina que disponga de garant\u00eda, llevar\u00e1 en su interior el documento\u00a0acreditativo de la misma, con sello y responsabilidad de la parte vendedora.<\/li><li>EXCLUSIONES DE LA GARANT\u00cdA \u2013 Queda excluido de la cobertura de la garant\u00eda, y por\u00a0tanto ser\u00e1 a cargo del usuario el coste de la reparaci\u00f3n, en los siguientes casos:<\/li><\/ol><ul><li>4.1. La aver\u00edas provocadas por negligencia o mal uso del aparato por parte\u00a0del consumidor.<\/li><li>4.2. Las aver\u00edas producidas por causas de caso fortuito, fuerza mayor\u00a0(fen\u00f3menos atmosf\u00e9ricos o geol\u00f3gicos) y siniestros.<\/li><li>4.3. Las intervenciones que se deriven de una instalaci\u00f3n incorrecta o de la\u00a0falta de mantenimiento.<\/li><li>4.4. La aplicaci\u00f3n de productos qu\u00edmicos inadecuados o la acumulaci\u00f3n de\u00a0residuos, tales como grasa o cal, originada por falta de limpieza.<\/li><li>4.5. La ubicaci\u00f3n incorrecta de la m\u00e1quina<\/li><\/ul><ol><li>El servicio de instalaci\u00f3n, mano de obra, reparaci\u00f3n o mantenimiento posterior\u00a0correr\u00e1 exclusivamente por parte del comprador.<\/li><li>La garant\u00eda \u00fanicamente se responsabiliza de materiales o piezas, no haci\u00e9ndose cargo\u00a0en ning\u00fan caso de indemnizaci\u00f3n alguna.<\/li><li>Los materiales de reposici\u00f3n se enviar\u00e1n siempre por cuenta y riesgo del comprador,\u00a0y ser\u00e1n facturados al mismo.<\/li><li>Sustituida la pieza, el comprador remitir\u00e1 la defectuosa a maquinariahosteleria.es para\u00a0verificar la aver\u00eda y validar la garant\u00eda con el fabricante o el vendedor de la m\u00e1quina.<\/li><li>Una vez verificado, maquinariahosteleria.es har\u00e1 el abono correspondiente y la\u00a0devoluci\u00f3n del dinero al comprador.<\/li><li>Toda m\u00e1quina que disponga de garant\u00eda, llevar\u00e1 en su interior el documento\u00a0acreditativo de la misma, con sello y responsabilidad de la parte vendedora.<\/li><\/ol><ol start=\"11\"><li><em><u>Devoluciones de mercanc\u00edas<\/u><\/em><\/li><\/ol><p>En el caso de uso de las garant\u00edas, desde Hosteocasi\u00f3n\u2122 analizaremos cada caso dependiendo de cual sea la localizaci\u00f3n geogr\u00e1fica donde se encuentra la mercanc\u00eda.<\/p><p>Si la maquinaria ha sido instalada por nuestra empresa, la devoluci\u00f3n de la misma se realizar\u00e1 por los medios y\/o personal de Hosteocasi\u00f3n\u2122 y a su cargo<\/p><p>En el caso de devoluci\u00f3n directa por el cliente y dado que los portes est\u00e1n pactados para el env\u00edo, estos no podr\u00e1n superar el coste de los de env\u00edo y ser\u00e1n a cargo del cliente.<\/p><ol start=\"12\"><li><em><u> Customer Service<\/u><\/em><\/li><\/ol><p>Hosteocasion\u2122 has a customer service department so that users can manage their complaints, queries or requests.<\/p><p>The User may address any complaints, claims or requests for information to the Hosteocasion\u2122 Customer Service Department at <a href=\"mailto:info@hosteocasion.com\">info@hosteocasion.com<\/a> <br \/>\u00a0<\/p><p>All doubts and especially complaints and suggestions will be dealt with as quickly as possible, without exceeding in any case the deadlines established by current legislation.<\/p><p>It shall also record them by providing written proof, on paper or on any other durable medium.<\/p><ol start=\"12\"><li><em><u>Protection of personal data<\/u><\/em><\/li><\/ol><p>Hosteocasion\u2122 complies with current legislation on the protection of personal data, in accordance with Organic Law 3\/2018 of 5 December on the Protection of Personal Data and guarantee of digital rights and Regulation (EU) 2016\/679 of 27 April 2016 (GDPR) on the protection of natural persons with regard to the processing of personal data and on the free movement of such data.<\/p><p><em><u>For more information, please click on the privacy policy at the bottom of the page.<\/u><\/em>\u00a0<\/p><ol start=\"13\"><li><em><u> Language of the contract<\/u><\/em><\/li><\/ol><p>These general terms and conditions of sale are written in Spanish. In the event that they are translated into one or more foreign languages, the Spanish text shall prevail in case of dispute.<\/p><ol start=\"14\"><li><em><u> Applicable legislation<\/u><\/em><\/li><\/ol><p>These General Conditions are governed by Spanish law. The parties submit to the courts and tribunals of Alicante for the resolution of conflicts, renouncing any other jurisdiction.\u00a0\u00a0<\/p>\t\t\t\t\t\t\t\t<\/div>\n\t\t\t\t<\/div>\n\t\t\t\t\t<\/div>\n\t\t<\/div>\n\t\t\t\t\t<\/div>\n\t\t<\/section>\n\t\t\t\t<\/div>","protected":false},"excerpt":{"rendered":"<p>Datos identificativos del titular Los presentes t\u00e9rminos y condiciones generales de venta regulan de manera integral todas las transacciones de venta que se puedan ofertar, prestar o realizar desde la web y tienda on-line ubicada en la p\u00e1gina web\u00a0https:\/\/hosteocasion.es \u00a0, Hosteocasion\u2122 es una marca comercial de Francisco Monroy Industrias S.L. CIF B03904836, con direcci\u00f3n a [&hellip;]<\/p>\n","protected":false},"author":1,"featured_media":0,"parent":0,"menu_order":0,"comment_status":"closed","ping_status":"closed","template":"","meta":{"footnotes":""},"class_list":["post-4333","page","type-page","status-publish","hentry"],"_links":{"self":[{"href":"https:\/\/hosteocasion.es\/en\/wp-json\/wp\/v2\/pages\/4333","targetHints":{"allow":["GET"]}}],"collection":[{"href":"https:\/\/hosteocasion.es\/en\/wp-json\/wp\/v2\/pages"}],"about":[{"href":"https:\/\/hosteocasion.es\/en\/wp-json\/wp\/v2\/types\/page"}],"author":[{"embeddable":true,"href":"https:\/\/hosteocasion.es\/en\/wp-json\/wp\/v2\/users\/1"}],"replies":[{"embeddable":true,"href":"https:\/\/hosteocasion.es\/en\/wp-json\/wp\/v2\/comments?post=4333"}],"version-history":[{"count":7,"href":"https:\/\/hosteocasion.es\/en\/wp-json\/wp\/v2\/pages\/4333\/revisions"}],"predecessor-version":[{"id":4818,"href":"https:\/\/hosteocasion.es\/en\/wp-json\/wp\/v2\/pages\/4333\/revisions\/4818"}],"wp:attachment":[{"href":"https:\/\/hosteocasion.es\/en\/wp-json\/wp\/v2\/media?parent=4333"}],"curies":[{"name":"wp","href":"https:\/\/api.w.org\/{rel}","templated":true}]}}