{"id":386,"date":"2023-03-17T13:31:34","date_gmt":"2023-03-17T12:31:34","guid":{"rendered":"https:\/\/hosteocasion.es\/producto\/horno-microondas-4-magnetrones\/"},"modified":"2025-03-31T09:52:34","modified_gmt":"2025-03-31T07:52:34","slug":"horno-microondas-4-magnetrones","status":"publish","type":"product","link":"https:\/\/hosteocasion.es\/en\/product\/horno-microondas-4-magnetrones\/","title":{"rendered":"Horno microondas PANASONIC NE2140"},"content":{"rendered":"<p>Rotary knobs. 1-stage timer. Tone control: On\/off.<\/p>\n<p>Autodiagn\u00f3stico. Display incorporado. <\/p>\n<p>Stainless steel structure and interior.<\/p>\n<p>Interior f\u00e1cil de limpiar.<\/p>\n<p>Puerta de abertura hacia abajo con asa. 4 niveles de optencia: alta, media, baja, descongelaci\u00f3n y funci\u00f3n de espera. Sistema cu\u00e1druple emision de ondas: con cuatro magnetrones y gu\u00edas de ondas rotativas para una cocci\u00f3n r\u00e1pida y uniforme. <\/p>\n<p>Estante extra\u00edble.<\/p>","protected":false},"excerpt":{"rendered":"<p> Rotary knobs. 1-stage timer. Tone control: On\/off.<\/p>\n<p>Autodiagn\u00f3stico. Display incorporado. <\/p>\n<p>Stainless steel structure and interior.<\/p>\n<p>Interior f\u00e1cil de limpiar.<\/p>\n<p>Puerta de abertura hacia abajo con asa. 4 niveles de optencia: alta, media, baja, descongelaci\u00f3n y funci\u00f3n de espera. Sistema cu\u00e1druple emision de ondas: con cuatro magnetrones y gu\u00edas de ondas rotativas para una cocci\u00f3n r\u00e1pida y uniforme. <\/p>\n<p>Estante extra\u00edble.<\/p>","protected":false},"featured_media":3891,"template":"","meta":[],"product_cat":[88,92],"product_tag":[],"class_list":{"0":"post-386","1":"product","2":"type-product","3":"status-publish","4":"has-post-thumbnail","6":"product_cat-coccion","7":"product_cat-hornos","9":"first","10":"instock","11":"shipping-taxable","12":"purchasable","13":"product-type-simple"},"_links":{"self":[{"href":"https:\/\/hosteocasion.es\/en\/wp-json\/wp\/v2\/product\/386","targetHints":{"allow":["GET"]}}],"collection":[{"href":"https:\/\/hosteocasion.es\/en\/wp-json\/wp\/v2\/product"}],"about":[{"href":"https:\/\/hosteocasion.es\/en\/wp-json\/wp\/v2\/types\/product"}],"wp:featuredmedia":[{"embeddable":true,"href":"https:\/\/hosteocasion.es\/en\/wp-json\/wp\/v2\/media\/3891"}],"wp:attachment":[{"href":"https:\/\/hosteocasion.es\/en\/wp-json\/wp\/v2\/media?parent=386"}],"wp:term":[{"taxonomy":"product_cat","embeddable":true,"href":"https:\/\/hosteocasion.es\/en\/wp-json\/wp\/v2\/product_cat?post=386"},{"taxonomy":"product_tag","embeddable":true,"href":"https:\/\/hosteocasion.es\/en\/wp-json\/wp\/v2\/product_tag?post=386"}],"curies":[{"name":"wp","href":"https:\/\/api.w.org\/{rel}","templated":true}]}}