{"id":459,"date":"2023-03-17T13:31:43","date_gmt":"2023-03-17T12:31:43","guid":{"rendered":"https:\/\/hosteocasion.es\/producto\/balanza-de-sobremesa\/"},"modified":"2025-10-29T15:37:34","modified_gmt":"2025-10-29T14:37:34","slug":"balanza-de-sobremesa","status":"publish","type":"product","link":"https:\/\/hosteocasion.es\/en\/product\/balanza-de-sobremesa\/","title":{"rendered":"Table-top scales"},"content":{"rendered":"<p>BALANZA SOBREMESA OC FABRICADA EN ABS CON TECLADO NUM\u00c9RICO Y PANTALLAS DIGITALES CON INDICADOR DE DECIMALES<br \/>\nCAPACIDAD: 15 kg Y DIVISI\u00d3N DE 5 gr<br \/>\nDIMENSIONES: 300x370x130mm<br \/>\nDIMENSIONES \u00daTILES DEL PLATO DE 300x240mm<br \/>\nENERG\u00cdA: EL\u00c9CTRICA; MONOF\u00c1SICA<\/p>","protected":false},"excerpt":{"rendered":"<p>BALANZA SOBREMESA OC FABRICADA EN ABS CON TECLADO NUM\u00c9RICO Y PANTALLAS DIGITALES CON INDICADOR DE DECIMALES<br \/>\nCAPACIDAD: 15 kg Y DIVISI\u00d3N DE 5 gr<br \/>\nDIMENSIONES: 300x370x130mm<br \/>\nDIMENSIONES \u00daTILES DEL PLATO DE 300x240mm<br \/>\nENERG\u00cdA: EL\u00c9CTRICA; MONOF\u00c1SICA<\/p>","protected":false},"featured_media":3967,"template":"","meta":[],"product_cat":[67],"product_tag":[],"class_list":{"0":"post-459","1":"product","2":"type-product","3":"status-publish","4":"has-post-thumbnail","6":"product_cat-registradoras-y-balanzas","8":"first","9":"outofstock","10":"shipping-taxable","11":"purchasable","12":"product-type-simple"},"_links":{"self":[{"href":"https:\/\/hosteocasion.es\/en\/wp-json\/wp\/v2\/product\/459","targetHints":{"allow":["GET"]}}],"collection":[{"href":"https:\/\/hosteocasion.es\/en\/wp-json\/wp\/v2\/product"}],"about":[{"href":"https:\/\/hosteocasion.es\/en\/wp-json\/wp\/v2\/types\/product"}],"wp:featuredmedia":[{"embeddable":true,"href":"https:\/\/hosteocasion.es\/en\/wp-json\/wp\/v2\/media\/3967"}],"wp:attachment":[{"href":"https:\/\/hosteocasion.es\/en\/wp-json\/wp\/v2\/media?parent=459"}],"wp:term":[{"taxonomy":"product_cat","embeddable":true,"href":"https:\/\/hosteocasion.es\/en\/wp-json\/wp\/v2\/product_cat?post=459"},{"taxonomy":"product_tag","embeddable":true,"href":"https:\/\/hosteocasion.es\/en\/wp-json\/wp\/v2\/product_tag?post=459"}],"curies":[{"name":"wp","href":"https:\/\/api.w.org\/{rel}","templated":true}]}}