{"id":4695,"date":"2023-09-26T14:27:32","date_gmt":"2023-09-26T12:27:32","guid":{"rendered":"https:\/\/hosteocasion.es\/?post_type=product&#038;p=4695"},"modified":"2024-08-01T10:57:58","modified_gmt":"2024-08-01T08:57:58","slug":"armario-frigorifico-1-p","status":"publish","type":"product","link":"https:\/\/hosteocasion.es\/en\/product\/armario-frigorifico-1-p\/","title":{"rendered":"ARMARIO FRIGOR\u00cdFICO 1 P"},"content":{"rendered":"<p>Armario frigor\u00edfico de ocasi\u00f3n<br \/>\n1 door<br \/>\nMade of stainless steel.<br \/>\nDimensiones: 700x700x2100 mm<\/p>","protected":false},"excerpt":{"rendered":"<p>Armario frigor\u00edfico de ocasi\u00f3n<br \/>\n1 door<br \/>\nMade of stainless steel.<br \/>\nDimensiones: 700x700x2100 mm<\/p>","protected":false},"featured_media":4708,"template":"","meta":[],"product_cat":[85,84,15],"product_tag":[],"class_list":{"0":"post-4695","1":"product","2":"type-product","3":"status-publish","4":"has-post-thumbnail","6":"product_cat-armarios-frigorificos","7":"product_cat-frio-comercial","8":"product_cat-general","9":"product_brand-coreco","11":"first","12":"outofstock","13":"shipping-taxable","14":"purchasable","15":"product-type-simple"},"_links":{"self":[{"href":"https:\/\/hosteocasion.es\/en\/wp-json\/wp\/v2\/product\/4695","targetHints":{"allow":["GET"]}}],"collection":[{"href":"https:\/\/hosteocasion.es\/en\/wp-json\/wp\/v2\/product"}],"about":[{"href":"https:\/\/hosteocasion.es\/en\/wp-json\/wp\/v2\/types\/product"}],"wp:featuredmedia":[{"embeddable":true,"href":"https:\/\/hosteocasion.es\/en\/wp-json\/wp\/v2\/media\/4708"}],"wp:attachment":[{"href":"https:\/\/hosteocasion.es\/en\/wp-json\/wp\/v2\/media?parent=4695"}],"wp:term":[{"taxonomy":"product_cat","embeddable":true,"href":"https:\/\/hosteocasion.es\/en\/wp-json\/wp\/v2\/product_cat?post=4695"},{"taxonomy":"product_tag","embeddable":true,"href":"https:\/\/hosteocasion.es\/en\/wp-json\/wp\/v2\/product_tag?post=4695"}],"curies":[{"name":"wp","href":"https:\/\/api.w.org\/{rel}","templated":true}]}}