{"id":4761,"date":"2023-10-06T10:54:43","date_gmt":"2023-10-06T08:54:43","guid":{"rendered":"https:\/\/hosteocasion.es\/?post_type=product&#038;p=4761"},"modified":"2025-02-10T12:33:09","modified_gmt":"2025-02-10T11:33:09","slug":"maquina-de-hielo-75-kg","status":"publish","type":"product","link":"https:\/\/hosteocasion.es\/en\/product\/maquina-de-hielo-75-kg\/","title":{"rendered":"M\u00c1QUINA DE HIELO 75 KG"},"content":{"rendered":"<p>Sistema de enfriamiento por aire.<br \/>\nAlto nivel de producci\u00f3n.<br \/>\nEstructura fabricada en acero inoxidable y dep\u00f3sito de hielo aislado con poliuretano.<br \/>\nAmplia apertura de puerta frontal con sistema batiente, permite acceder con facilidad al dep\u00f3sito.<br \/>\nBases regulables para nivelaci\u00f3n.<br \/>\nFabricaci\u00f3n de hielo en formato de cubos de 22 grs.<br \/>\nFormaci\u00f3n de cubitos por medio de agua pulverizada.<br \/>\nConsumo de agua 2.8 litros\/kg.<\/p>\n<p>PRODUCCI\u00d3N: 75 KG\/24h<br \/>\nALMACENAMIENTO: 30 KG<br \/>\nDIMENSIONES: 640X660X1010 MM<\/p>\n<p>La m\u00e1quina est\u00e1 golpeada en la encimera, se entregar\u00e1 as\u00ed.<\/p>","protected":false},"excerpt":{"rendered":"<p>Sistema de enfriamiento por aire.<br \/>\nAlto nivel de producci\u00f3n.<br \/>\nEstructura fabricada en acero inoxidable y dep\u00f3sito de hielo aislado con poliuretano.<br \/>\nAmplia apertura de puerta frontal con sistema batiente, permite acceder con facilidad al dep\u00f3sito.<br \/>\nBases regulables para nivelaci\u00f3n.<br \/>\nFabricaci\u00f3n de hielo en formato de cubos de 22 grs.<br \/>\nFormaci\u00f3n de cubitos por medio de agua pulverizada.<br \/>\nConsumo de agua 2.8 litros\/kg.<br \/>\nPRODUCCI\u00d3N: 75 KG\/24h<br \/>\nALMACENAMIENTO: 30 KG<br \/>\nDIMENSIONES: 640X660X1010 MM<\/p>","protected":false},"featured_media":5259,"template":"","meta":[],"product_cat":[84,60],"product_tag":[],"class_list":{"0":"post-4761","1":"product","2":"type-product","3":"status-publish","4":"has-post-thumbnail","6":"product_cat-frio-comercial","7":"product_cat-maquinas-hielo","8":"product_brand-varios","10":"first","11":"instock","12":"shipping-taxable","13":"purchasable","14":"product-type-simple"},"_links":{"self":[{"href":"https:\/\/hosteocasion.es\/en\/wp-json\/wp\/v2\/product\/4761","targetHints":{"allow":["GET"]}}],"collection":[{"href":"https:\/\/hosteocasion.es\/en\/wp-json\/wp\/v2\/product"}],"about":[{"href":"https:\/\/hosteocasion.es\/en\/wp-json\/wp\/v2\/types\/product"}],"wp:featuredmedia":[{"embeddable":true,"href":"https:\/\/hosteocasion.es\/en\/wp-json\/wp\/v2\/media\/5259"}],"wp:attachment":[{"href":"https:\/\/hosteocasion.es\/en\/wp-json\/wp\/v2\/media?parent=4761"}],"wp:term":[{"taxonomy":"product_cat","embeddable":true,"href":"https:\/\/hosteocasion.es\/en\/wp-json\/wp\/v2\/product_cat?post=4761"},{"taxonomy":"product_tag","embeddable":true,"href":"https:\/\/hosteocasion.es\/en\/wp-json\/wp\/v2\/product_tag?post=4761"}],"curies":[{"name":"wp","href":"https:\/\/api.w.org\/{rel}","templated":true}]}}