{"id":4799,"date":"2023-10-17T13:09:49","date_gmt":"2023-10-17T11:09:49","guid":{"rendered":"https:\/\/hosteocasion.es\/?post_type=product&#038;p=4799"},"modified":"2023-10-17T15:01:39","modified_gmt":"2023-10-17T13:01:39","slug":"cava-de-vinos-2","status":"publish","type":"product","link":"https:\/\/hosteocasion.es\/en\/product\/cava-de-vinos-2\/","title":{"rendered":"CAVA DE VINOS"},"content":{"rendered":"<p>ARMARIO DE VINOS VERTICAL LIEBHERR OC<br \/>\nPUERTA DE CRISTAL Y TEMPERATURA VARIABLE.<br \/>\n&#8211; TEMPERATURA: +5 &#8211; 18\u00baC<br \/>\n&#8211; CAPACIDAD: 320L Y 5 REJILLAS DE 520x410mm<br \/>\n&#8211; DIMENSIONES: 600x520x1580mm<br \/>\n&#8211; ENERG\u00cdA: EL\u00c9CTRICA; MONOF\u00c1SICO<\/p>","protected":false},"excerpt":{"rendered":"<p>ARMARIO DE VINOS VERTICAL LIEBHERR OC<br \/>\nPUERTA DE CRISTAL Y TEMPERATURA VARIABLE.<br \/>\n&#8211; TEMPERATURA: +5 &#8211; 18\u00baC<br \/>\n&#8211; CAPACIDAD: 320L Y 5 REJILLAS DE 520x410mm<br \/>\n&#8211; DIMENSIONES: 600x520x1580mm<br \/>\n&#8211; ENERG\u00cdA: EL\u00c9CTRICA; MONOF\u00c1SICO<\/p>","protected":false},"featured_media":4793,"template":"","meta":[],"product_cat":[111,84,15],"product_tag":[],"class_list":{"0":"post-4799","1":"product","2":"type-product","3":"status-publish","4":"has-post-thumbnail","6":"product_cat-armarios-expositores","7":"product_cat-frio-comercial","8":"product_cat-general","10":"first","11":"instock","12":"shipping-taxable","13":"purchasable","14":"product-type-simple"},"_links":{"self":[{"href":"https:\/\/hosteocasion.es\/en\/wp-json\/wp\/v2\/product\/4799","targetHints":{"allow":["GET"]}}],"collection":[{"href":"https:\/\/hosteocasion.es\/en\/wp-json\/wp\/v2\/product"}],"about":[{"href":"https:\/\/hosteocasion.es\/en\/wp-json\/wp\/v2\/types\/product"}],"wp:featuredmedia":[{"embeddable":true,"href":"https:\/\/hosteocasion.es\/en\/wp-json\/wp\/v2\/media\/4793"}],"wp:attachment":[{"href":"https:\/\/hosteocasion.es\/en\/wp-json\/wp\/v2\/media?parent=4799"}],"wp:term":[{"taxonomy":"product_cat","embeddable":true,"href":"https:\/\/hosteocasion.es\/en\/wp-json\/wp\/v2\/product_cat?post=4799"},{"taxonomy":"product_tag","embeddable":true,"href":"https:\/\/hosteocasion.es\/en\/wp-json\/wp\/v2\/product_tag?post=4799"}],"curies":[{"name":"wp","href":"https:\/\/api.w.org\/{rel}","templated":true}]}}