{"id":4948,"date":"2024-01-26T18:58:22","date_gmt":"2024-01-26T17:58:22","guid":{"rendered":"https:\/\/hosteocasion.es\/?post_type=product&#038;p=4948"},"modified":"2024-04-23T14:19:00","modified_gmt":"2024-04-23T12:19:00","slug":"vitrina-charcuteria-carniceria-1m","status":"publish","type":"product","link":"https:\/\/hosteocasion.es\/en\/product\/vitrina-charcuteria-carniceria-1m\/","title":{"rendered":"VITRINA CHARCUTER\u00cdA \/ CARNICER\u00cdA 1M"},"content":{"rendered":"<p>Dimensiones: 1055X800X1235 mm<br \/>\nExterior e interior en chapa de acero plastificada<br \/>\nPlano exposici\u00f3n y encimera en acero inox. AISI-304<br \/>\nBandejas plano de exposici\u00f3n lisas, con escal\u00f3n sobre demanda<br \/>\nCostados de 40 mm en ABS inyectado<br \/>\nPerfiler\u00eda en aluminio anodizado.<br \/>\nParagolpes en la parte delantera<br \/>\nCristal frontal templado y abatible, dos versiones disponibles<br \/>\nEstante de cristal intermedio iluminado, no refrigerado<br \/>\nIluminaci\u00f3n est\u00e1ndar LED: encimera superior y estante<br \/>\nAislamiento de poliuretano inyectado, libre CFCs, densidad 40 Kg\/m3<br \/>\nReserva refrigerada con puertas, hueco 440&#215;270.<br \/>\nEvaporador est\u00e1tico tratado epoxi<br \/>\nCondensaci\u00f3n ventilada y evaporaci\u00f3n autom\u00e1tica de serie<br \/>\nControl electr\u00f3nico de temperatura<br \/>\nDescarche autom\u00e1tico, opcional el\u00e9ctrico<br \/>\nTensi\u00f3n de trabajo monof\u00e1sica 220V 50Hz<\/p>","protected":false},"excerpt":{"rendered":"<p>Dimensiones: 1055X800X1235 mm<br \/>\nExterior e interior en chapa de acero plastificada<br \/>\nPlano exposici\u00f3n y encimera en acero inox. AISI-304<br \/>\nBandejas plano de exposici\u00f3n lisas, con escal\u00f3n sobre demanda<br \/>\nCostados de 40 mm en ABS inyectado<br \/>\nPerfiler\u00eda en aluminio anodizado.<br \/>\nParagolpes en la parte delantera<br \/>\nCristal frontal templado y abatible, dos versiones disponibles<br \/>\nEstante de cristal intermedio iluminado, no refrigerado<br \/>\nIluminaci\u00f3n est\u00e1ndar LED: encimera superior y estante<br \/>\nAislamiento de poliuretano inyectado, libre CFCs, densidad 40 Kg\/m3<br \/>\nReserva refrigerada con puertas, hueco 440&#215;270.<br \/>\nEvaporador est\u00e1tico tratado epoxi<br \/>\nCondensaci\u00f3n ventilada y evaporaci\u00f3n autom\u00e1tica de serie<br \/>\nControl electr\u00f3nico de temperatura<br \/>\nDescarche autom\u00e1tico, opcional el\u00e9ctrico<br \/>\nTensi\u00f3n de trabajo monof\u00e1sica 220V 50Hz<\/p>","protected":false},"featured_media":4946,"template":"","meta":[],"product_cat":[86],"product_tag":[],"class_list":{"0":"post-4948","1":"product","2":"type-product","3":"status-publish","4":"has-post-thumbnail","6":"product_cat-vitrinas","8":"first","9":"outofstock","10":"shipping-taxable","11":"purchasable","12":"product-type-simple"},"_links":{"self":[{"href":"https:\/\/hosteocasion.es\/en\/wp-json\/wp\/v2\/product\/4948","targetHints":{"allow":["GET"]}}],"collection":[{"href":"https:\/\/hosteocasion.es\/en\/wp-json\/wp\/v2\/product"}],"about":[{"href":"https:\/\/hosteocasion.es\/en\/wp-json\/wp\/v2\/types\/product"}],"wp:featuredmedia":[{"embeddable":true,"href":"https:\/\/hosteocasion.es\/en\/wp-json\/wp\/v2\/media\/4946"}],"wp:attachment":[{"href":"https:\/\/hosteocasion.es\/en\/wp-json\/wp\/v2\/media?parent=4948"}],"wp:term":[{"taxonomy":"product_cat","embeddable":true,"href":"https:\/\/hosteocasion.es\/en\/wp-json\/wp\/v2\/product_cat?post=4948"},{"taxonomy":"product_tag","embeddable":true,"href":"https:\/\/hosteocasion.es\/en\/wp-json\/wp\/v2\/product_tag?post=4948"}],"curies":[{"name":"wp","href":"https:\/\/api.w.org\/{rel}","templated":true}]}}