{"id":5010,"date":"2024-06-27T09:50:53","date_gmt":"2024-06-27T07:50:53","guid":{"rendered":"https:\/\/hosteocasion.es\/?post_type=product&#038;p=5010"},"modified":"2025-09-15T10:25:38","modified_gmt":"2025-09-15T08:25:38","slug":"freidora-electrica-66-litros","status":"publish","type":"product","link":"https:\/\/hosteocasion.es\/en\/product\/freidora-electrica-66-litros\/","title":{"rendered":"Freidora el\u00e9ctrica 6+6 litros"},"content":{"rendered":"<p>Freidora el\u00e9ctrica sobremesa de ocasi\u00f3n.<br \/>\nCapacidad: 6+6 litros<br \/>\nDimensiones: 570x470x320 mm<\/p>","protected":false},"excerpt":{"rendered":"<p>Freidora el\u00e9ctrica sobremesa de ocasi\u00f3n.<br \/>\nCapacidad: 6+6 litros<br \/>\nDimensiones: 570x470x320 mm<\/p>","protected":false},"featured_media":5011,"template":"","meta":[],"product_cat":[91,88],"product_tag":[],"class_list":{"0":"post-5010","1":"product","2":"type-product","3":"status-publish","4":"has-post-thumbnail","6":"product_cat-freidoras","7":"product_cat-coccion","9":"first","10":"outofstock","11":"shipping-taxable","12":"purchasable","13":"product-type-simple"},"_links":{"self":[{"href":"https:\/\/hosteocasion.es\/en\/wp-json\/wp\/v2\/product\/5010","targetHints":{"allow":["GET"]}}],"collection":[{"href":"https:\/\/hosteocasion.es\/en\/wp-json\/wp\/v2\/product"}],"about":[{"href":"https:\/\/hosteocasion.es\/en\/wp-json\/wp\/v2\/types\/product"}],"wp:featuredmedia":[{"embeddable":true,"href":"https:\/\/hosteocasion.es\/en\/wp-json\/wp\/v2\/media\/5011"}],"wp:attachment":[{"href":"https:\/\/hosteocasion.es\/en\/wp-json\/wp\/v2\/media?parent=5010"}],"wp:term":[{"taxonomy":"product_cat","embeddable":true,"href":"https:\/\/hosteocasion.es\/en\/wp-json\/wp\/v2\/product_cat?post=5010"},{"taxonomy":"product_tag","embeddable":true,"href":"https:\/\/hosteocasion.es\/en\/wp-json\/wp\/v2\/product_tag?post=5010"}],"curies":[{"name":"wp","href":"https:\/\/api.w.org\/{rel}","templated":true}]}}