{"id":5054,"date":"2024-07-19T14:47:48","date_gmt":"2024-07-19T12:47:48","guid":{"rendered":"https:\/\/hosteocasion.es\/?post_type=product&#038;p=5054"},"modified":"2024-09-16T13:05:54","modified_gmt":"2024-09-16T11:05:54","slug":"asador-de-pollos-15-espadas","status":"publish","type":"product","link":"https:\/\/hosteocasion.es\/en\/product\/asador-de-pollos-15-espadas\/","title":{"rendered":"ASADOR DE POLLOS 15 ESPADAS"},"content":{"rendered":"<p>&#8211; Capacidad: 75\/90 pollos aproximadamente.<br \/>\n&#8211; Potencia: 53.000 kcal\/h<br \/>\n&#8211; Espadas: 15<br \/>\n&#8211; Peso: 157kg<br \/>\n&#8211; Chapa entre quemadores extra\u00edbles para su limpieza.<br \/>\n&#8211; Dotaci\u00f3n de pinchos: 3 centrales y 2 laterales.<br \/>\n&#8211; Mandos en parte frontal de f\u00e1cil acceso.<br \/>\n&#8211; Soportes de espada que cierran m\u00e1s la m\u00e1quina y hacen que se conserve m\u00e1s el calor.<br \/>\n&#8211; Peana alta para mejor acceso a las espadas inferiores.<br \/>\n&#8211; Medidas: 1100(An)x610(P)x1890(Al)mm<\/p>","protected":false},"excerpt":{"rendered":"<p>&#8211; Capacidad: 75\/90 pollos aproximadamente.<br \/>\n&#8211; Potencia: 53.000 kcal\/h<br \/>\n&#8211; Espadas: 15<br \/>\n&#8211; Peso: 157kg<br \/>\n&#8211; Chapa entre quemadores extra\u00edbles para su limpieza.<br \/>\n&#8211; Dotaci\u00f3n de pinchos: 3 centrales y 2 laterales.<br \/>\n&#8211; Mandos en parte frontal de f\u00e1cil acceso.<br \/>\n&#8211; Soportes de espada que cierran m\u00e1s la m\u00e1quina y hacen que se conserve m\u00e1s el calor.<br \/>\n&#8211; Peana alta para mejor acceso a las espadas inferiores.<br \/>\n&#8211; Medidas: 1100(An)x610(P)x1890(Al)mm<\/p>","protected":false},"featured_media":5056,"template":"","meta":[],"product_cat":[51,88],"product_tag":[],"class_list":{"0":"post-5054","1":"product","2":"type-product","3":"status-publish","4":"has-post-thumbnail","6":"product_cat-asadores","7":"product_cat-coccion","9":"first","10":"outofstock","11":"shipping-taxable","12":"purchasable","13":"product-type-simple"},"_links":{"self":[{"href":"https:\/\/hosteocasion.es\/en\/wp-json\/wp\/v2\/product\/5054","targetHints":{"allow":["GET"]}}],"collection":[{"href":"https:\/\/hosteocasion.es\/en\/wp-json\/wp\/v2\/product"}],"about":[{"href":"https:\/\/hosteocasion.es\/en\/wp-json\/wp\/v2\/types\/product"}],"wp:featuredmedia":[{"embeddable":true,"href":"https:\/\/hosteocasion.es\/en\/wp-json\/wp\/v2\/media\/5056"}],"wp:attachment":[{"href":"https:\/\/hosteocasion.es\/en\/wp-json\/wp\/v2\/media?parent=5054"}],"wp:term":[{"taxonomy":"product_cat","embeddable":true,"href":"https:\/\/hosteocasion.es\/en\/wp-json\/wp\/v2\/product_cat?post=5054"},{"taxonomy":"product_tag","embeddable":true,"href":"https:\/\/hosteocasion.es\/en\/wp-json\/wp\/v2\/product_tag?post=5054"}],"curies":[{"name":"wp","href":"https:\/\/api.w.org\/{rel}","templated":true}]}}