{"id":5101,"date":"2024-08-01T10:52:52","date_gmt":"2024-08-01T08:52:52","guid":{"rendered":"https:\/\/hosteocasion.es\/?post_type=product&#038;p=5101"},"modified":"2025-09-29T15:00:12","modified_gmt":"2025-09-29T13:00:12","slug":"armario-frigorifico-3-p","status":"publish","type":"product","link":"https:\/\/hosteocasion.es\/en\/product\/armario-frigorifico-3-p\/","title":{"rendered":"ARMARIO FRIGOR\u00cdFICO 3 P"},"content":{"rendered":"<p>Armario conservaci\u00f3n 3 puertas de OCASI\u00d3N<br \/>\nMade of stainless steel.<br \/>\n2 puertas peque\u00f1as y 1 puerta grande.<br \/>\nMarca Coreco<br \/>\nDimensiones: 1380x720x2070 mm<\/p>","protected":false},"excerpt":{"rendered":"<p>Armario conservaci\u00f3n 3 puertas de OCASI\u00d3N<br \/>\nMade of stainless steel.<br \/>\n2 puertas peque\u00f1as y 1 puerta grande.<br \/>\nMarca Coreco<br \/>\nDimensiones: 1380x720x2070 mm<\/p>","protected":false},"featured_media":5102,"template":"","meta":[],"product_cat":[84,85],"product_tag":[],"class_list":{"0":"post-5101","1":"product","2":"type-product","3":"status-publish","4":"has-post-thumbnail","6":"product_cat-frio-comercial","7":"product_cat-armarios-frigorificos","9":"first","10":"outofstock","11":"shipping-taxable","12":"purchasable","13":"product-type-simple"},"_links":{"self":[{"href":"https:\/\/hosteocasion.es\/en\/wp-json\/wp\/v2\/product\/5101","targetHints":{"allow":["GET"]}}],"collection":[{"href":"https:\/\/hosteocasion.es\/en\/wp-json\/wp\/v2\/product"}],"about":[{"href":"https:\/\/hosteocasion.es\/en\/wp-json\/wp\/v2\/types\/product"}],"wp:featuredmedia":[{"embeddable":true,"href":"https:\/\/hosteocasion.es\/en\/wp-json\/wp\/v2\/media\/5102"}],"wp:attachment":[{"href":"https:\/\/hosteocasion.es\/en\/wp-json\/wp\/v2\/media?parent=5101"}],"wp:term":[{"taxonomy":"product_cat","embeddable":true,"href":"https:\/\/hosteocasion.es\/en\/wp-json\/wp\/v2\/product_cat?post=5101"},{"taxonomy":"product_tag","embeddable":true,"href":"https:\/\/hosteocasion.es\/en\/wp-json\/wp\/v2\/product_tag?post=5101"}],"curies":[{"name":"wp","href":"https:\/\/api.w.org\/{rel}","templated":true}]}}