{"id":5161,"date":"2024-11-14T09:52:48","date_gmt":"2024-11-14T08:52:48","guid":{"rendered":"https:\/\/hosteocasion.es\/?post_type=product&#038;p=5161"},"modified":"2024-11-14T10:21:36","modified_gmt":"2024-11-14T09:21:36","slug":"quemador-wok","status":"publish","type":"product","link":"https:\/\/hosteocasion.es\/en\/product\/quemador-wok\/","title":{"rendered":"QUEMADOR WOK"},"content":{"rendered":"<p>Construcci\u00f3n exclusiva en fundici\u00f3n de grafito laminar GG20 y acabado en pintura negra antical\u00f3rica.<br \/>\nV\u00e1lvula de seguridad con termopar y piloto independiente.<br \/>\nCapacidad de integraci\u00f3n en muebles de acero inox.<br \/>\nModelo construido en monobloque, reduce el mantenimiento, reduce aver\u00edas y fugas.<br \/>\n\u00d3ptima combusti\u00f3n.<br \/>\nPara uso interior y colectivo.<br \/>\nMonobloque sin juntas, no hay fugas y menos mantenimiento.<br \/>\nCombusti\u00f3n en l\u00ednea, sin pivotes mayor durabilidad.<br \/>\nGas: Natural o Butano\/Propano (GLP).<br \/>\nEntrada de gas reversible.<br \/>\nHOMOLOGACI\u00d3N CE<br \/>\nDIMENSIONES: 623 x 355 x 230 MM<br \/>\nPOTENCIA: 11500 W<\/p>","protected":false},"excerpt":{"rendered":"<p>Construcci\u00f3n exclusiva en fundici\u00f3n de grafito laminar GG20 y acabado en pintura negra antical\u00f3rica.<br \/>\nV\u00e1lvula de seguridad con termopar y piloto independiente.<br \/>\nCapacidad de integraci\u00f3n en muebles de acero inox.<br \/>\nModelo construido en monobloque, reduce el mantenimiento, reduce aver\u00edas y fugas.<br \/>\n\u00d3ptima combusti\u00f3n.<br \/>\nPara uso interior y colectivo.<br \/>\nMonobloque sin juntas, no hay fugas y menos mantenimiento.<br \/>\nCombusti\u00f3n en l\u00ednea, sin pivotes mayor durabilidad.<br \/>\nGas: Natural o Butano\/Propano (GLP).<br \/>\nEntrada de gas reversible.<br \/>\nHOMOLOGACI\u00d3N CE<br \/>\nDIMENSIONES: 623 x 355 x 230 MM<br \/>\nPOTENCIA: 11500 W<\/p>","protected":false},"featured_media":5162,"template":"","meta":[],"product_cat":[88,89],"product_tag":[],"class_list":{"0":"post-5161","1":"product","2":"type-product","3":"status-publish","4":"has-post-thumbnail","6":"product_cat-coccion","7":"product_cat-cocinas","9":"first","10":"instock","11":"shipping-taxable","12":"purchasable","13":"product-type-simple"},"_links":{"self":[{"href":"https:\/\/hosteocasion.es\/en\/wp-json\/wp\/v2\/product\/5161","targetHints":{"allow":["GET"]}}],"collection":[{"href":"https:\/\/hosteocasion.es\/en\/wp-json\/wp\/v2\/product"}],"about":[{"href":"https:\/\/hosteocasion.es\/en\/wp-json\/wp\/v2\/types\/product"}],"wp:featuredmedia":[{"embeddable":true,"href":"https:\/\/hosteocasion.es\/en\/wp-json\/wp\/v2\/media\/5162"}],"wp:attachment":[{"href":"https:\/\/hosteocasion.es\/en\/wp-json\/wp\/v2\/media?parent=5161"}],"wp:term":[{"taxonomy":"product_cat","embeddable":true,"href":"https:\/\/hosteocasion.es\/en\/wp-json\/wp\/v2\/product_cat?post=5161"},{"taxonomy":"product_tag","embeddable":true,"href":"https:\/\/hosteocasion.es\/en\/wp-json\/wp\/v2\/product_tag?post=5161"}],"curies":[{"name":"wp","href":"https:\/\/api.w.org\/{rel}","templated":true}]}}