{"id":5253,"date":"2025-02-10T12:00:57","date_gmt":"2025-02-10T11:00:57","guid":{"rendered":"https:\/\/hosteocasion.es\/?post_type=product&#038;p=5253"},"modified":"2025-08-21T15:15:31","modified_gmt":"2025-08-21T13:15:31","slug":"envasadora-al-vacio-con-campana-oc","status":"publish","type":"product","link":"https:\/\/hosteocasion.es\/en\/product\/envasadora-al-vacio-con-campana-oc\/","title":{"rendered":"ENVASADORA AL VAC\u00cdO CON CAMPANA OC"},"content":{"rendered":"<p>Envasadora al vac\u00edo con campana OCASI\u00d3N<\/p>\n<p>DIMENSIONES: 460X540X300 MM<br \/>\nBARRA SOLDADURA: 400 MM<\/p>","protected":false},"excerpt":{"rendered":"<p>Envasadora al vac\u00edo con campana OCASI\u00d3N<\/p>\n<p>DIMENSIONES: 460X540X300 MM<br \/>\nBARRA SOLDADURA: 400 MM<\/p>","protected":false},"featured_media":5254,"template":"","meta":[],"product_cat":[49,72,421],"product_tag":[],"class_list":{"0":"post-5253","1":"product","2":"type-product","3":"status-publish","4":"has-post-thumbnail","6":"product_cat-maquinaria-pequena","7":"product_cat-preparacion","8":"product_cat-envasadoras","10":"first","11":"outofstock","12":"shipping-taxable","13":"purchasable","14":"product-type-simple"},"_links":{"self":[{"href":"https:\/\/hosteocasion.es\/en\/wp-json\/wp\/v2\/product\/5253","targetHints":{"allow":["GET"]}}],"collection":[{"href":"https:\/\/hosteocasion.es\/en\/wp-json\/wp\/v2\/product"}],"about":[{"href":"https:\/\/hosteocasion.es\/en\/wp-json\/wp\/v2\/types\/product"}],"wp:featuredmedia":[{"embeddable":true,"href":"https:\/\/hosteocasion.es\/en\/wp-json\/wp\/v2\/media\/5254"}],"wp:attachment":[{"href":"https:\/\/hosteocasion.es\/en\/wp-json\/wp\/v2\/media?parent=5253"}],"wp:term":[{"taxonomy":"product_cat","embeddable":true,"href":"https:\/\/hosteocasion.es\/en\/wp-json\/wp\/v2\/product_cat?post=5253"},{"taxonomy":"product_tag","embeddable":true,"href":"https:\/\/hosteocasion.es\/en\/wp-json\/wp\/v2\/product_tag?post=5253"}],"curies":[{"name":"wp","href":"https:\/\/api.w.org\/{rel}","templated":true}]}}