{"id":5453,"date":"2025-08-25T18:38:09","date_gmt":"2025-08-25T16:38:09","guid":{"rendered":"https:\/\/hosteocasion.es\/?post_type=product&#038;p=5453"},"modified":"2025-08-25T18:38:10","modified_gmt":"2025-08-25T16:38:10","slug":"armario-de-congelacion-isa","status":"publish","type":"product","link":"https:\/\/hosteocasion.es\/en\/product\/armario-de-congelacion-isa\/","title":{"rendered":"ARMARIO DE CONGELACI\u00d3N ISA"},"content":{"rendered":"<p>ARMARIO DE CONGELACI\u00d3N ESPECIAL HELADER\u00cdA<\/p>\n<p>Dimensiones: 670x925x2090 mm<\/p>\n<p>Made of stainless steel.<\/p>\n<p>&nbsp;<\/p>","protected":false},"excerpt":{"rendered":"<p>ARMARIO DE CONGELACI\u00d3N ESPECIAL HELADER\u00cdA<\/p>\n<p>Dimensiones: 670x925x2090 mm<\/p>\n<p>Made of stainless steel.<\/p>\n<p>&nbsp;<\/p>","protected":false},"featured_media":5455,"template":"","meta":[],"product_cat":[84,85],"product_tag":[],"class_list":{"0":"post-5453","1":"product","2":"type-product","3":"status-publish","4":"has-post-thumbnail","6":"product_cat-frio-comercial","7":"product_cat-armarios-frigorificos","8":"product_brand-eurofred","10":"first","11":"instock","12":"shipping-taxable","13":"purchasable","14":"product-type-simple"},"_links":{"self":[{"href":"https:\/\/hosteocasion.es\/en\/wp-json\/wp\/v2\/product\/5453","targetHints":{"allow":["GET"]}}],"collection":[{"href":"https:\/\/hosteocasion.es\/en\/wp-json\/wp\/v2\/product"}],"about":[{"href":"https:\/\/hosteocasion.es\/en\/wp-json\/wp\/v2\/types\/product"}],"wp:featuredmedia":[{"embeddable":true,"href":"https:\/\/hosteocasion.es\/en\/wp-json\/wp\/v2\/media\/5455"}],"wp:attachment":[{"href":"https:\/\/hosteocasion.es\/en\/wp-json\/wp\/v2\/media?parent=5453"}],"wp:term":[{"taxonomy":"product_cat","embeddable":true,"href":"https:\/\/hosteocasion.es\/en\/wp-json\/wp\/v2\/product_cat?post=5453"},{"taxonomy":"product_tag","embeddable":true,"href":"https:\/\/hosteocasion.es\/en\/wp-json\/wp\/v2\/product_tag?post=5453"}],"curies":[{"name":"wp","href":"https:\/\/api.w.org\/{rel}","templated":true}]}}