{"id":5481,"date":"2025-08-26T14:47:17","date_gmt":"2025-08-26T12:47:17","guid":{"rendered":"https:\/\/hosteocasion.es\/?post_type=product&#038;p=5481"},"modified":"2025-09-16T16:00:54","modified_gmt":"2025-09-16T14:00:54","slug":"bano-maria-gas-2","status":"publish","type":"product","link":"https:\/\/hosteocasion.es\/en\/product\/bano-maria-gas-2\/","title":{"rendered":"BA\u00d1O MARIA GAS"},"content":{"rendered":"<p>Ba\u00f1o mar\u00eda a gas de ocasi\u00f3n.<\/p>\n<p>Made of stainless steel.<\/p>\n<p>Dimensiones: 400x750x350 mm<\/p>","protected":false},"excerpt":{"rendered":"<p>Ba\u00f1o mar\u00eda a gas de ocasi\u00f3n.<\/p>\n<p>Made of stainless steel.<\/p>\n<p>Dimensiones: 400x750x350 mm<\/p>","protected":false},"featured_media":4067,"template":"","meta":[],"product_cat":[93,88],"product_tag":[],"class_list":{"0":"post-5481","1":"product","2":"type-product","3":"status-publish","4":"has-post-thumbnail","6":"product_cat-bano-maria","7":"product_cat-coccion","8":"product_brand-repagas","10":"first","11":"instock","12":"shipping-taxable","13":"purchasable","14":"product-type-simple"},"_links":{"self":[{"href":"https:\/\/hosteocasion.es\/en\/wp-json\/wp\/v2\/product\/5481","targetHints":{"allow":["GET"]}}],"collection":[{"href":"https:\/\/hosteocasion.es\/en\/wp-json\/wp\/v2\/product"}],"about":[{"href":"https:\/\/hosteocasion.es\/en\/wp-json\/wp\/v2\/types\/product"}],"wp:featuredmedia":[{"embeddable":true,"href":"https:\/\/hosteocasion.es\/en\/wp-json\/wp\/v2\/media\/4067"}],"wp:attachment":[{"href":"https:\/\/hosteocasion.es\/en\/wp-json\/wp\/v2\/media?parent=5481"}],"wp:term":[{"taxonomy":"product_cat","embeddable":true,"href":"https:\/\/hosteocasion.es\/en\/wp-json\/wp\/v2\/product_cat?post=5481"},{"taxonomy":"product_tag","embeddable":true,"href":"https:\/\/hosteocasion.es\/en\/wp-json\/wp\/v2\/product_tag?post=5481"}],"curies":[{"name":"wp","href":"https:\/\/api.w.org\/{rel}","templated":true}]}}