{"id":5779,"date":"2025-11-24T10:06:43","date_gmt":"2025-11-24T09:06:43","guid":{"rendered":"https:\/\/hosteocasion.es\/?post_type=product&#038;p=5779"},"modified":"2025-11-24T10:39:40","modified_gmt":"2025-11-24T09:39:40","slug":"fregadero-con-mesa-de-preparacion","status":"publish","type":"product","link":"https:\/\/hosteocasion.es\/en\/product\/fregadero-con-mesa-de-preparacion\/","title":{"rendered":"FREGADERO CON MESA DE PREPARACION"},"content":{"rendered":"<p>El Fregadero con Mesa Preparaci\u00f3n de Carne y Pescado , se suministra totalmente soldado. Es ideal para preparar alimentos frescos. Dise\u00f1ada para la preparaci\u00f3n de carne y pescado.<\/p>\n<p>Esta mesa de gama 700 incluye (tabla de corte de polietileno) y una cubeta embutida con desag\u00fce (y cubierta perforada.)<\/p>\n<p>Sus caracter\u00edsticas son las siguientes:<\/p>\n<p>Incorpora una cubeta embutida.<br \/>\nCon tabla de corte de polietileno<br \/>\nTiene un orificio para tirar desechos.<br \/>\nEst\u00e1 fabricada en acero inoxidable AISI-304 18\/10.<br \/>\nCon patas regulables en altura.<br \/>\nLa mesa tiene unas dimensiones de 140 x 70 x 85 cm.<br \/>\nLa cuba tiene unas dimensiones de 135 x 38 x 20 cm. Incluye desag\u00fce de 1\/2&#8243; (y est\u00e1 cubierta con un sobre perforado.)<br \/>\nFregadero con bastidor, sin estante.<br \/>\nSe suministra montado y totalmente\u00a0soldado.<\/p>","protected":false},"excerpt":{"rendered":"<p>El Fregadero con Mesa Preparaci\u00f3n de Carne y Pescado , se suministra totalmente soldado. Es ideal para preparar alimentos frescos. Dise\u00f1ada para la preparaci\u00f3n de carne y pescado.<\/p>\n<p>Esta mesa de gama 700 incluye (tabla de corte de polietileno) y una cubeta embutida con desag\u00fce (y cubierta perforada.)<\/p>\n<p>Sus caracter\u00edsticas son las siguientes:<\/p>\n<p>Incorpora una cubeta embutida.<br \/>\nCon tabla de corte de polietileno<br \/>\nTiene un orificio para tirar desechos.<br \/>\nEst\u00e1 fabricada en acero inoxidable AISI-304 18\/10.<br \/>\nCon patas regulables en altura.<br \/>\nLa mesa tiene unas dimensiones de 140 x 70 x 85 cm.<br \/>\nLa cuba tiene unas dimensiones de 135 x 38 x 20 cm. Incluye desag\u00fce de 1\/2&#8243; (y est\u00e1 cubierta con un sobre perforado.)<br \/>\nFregadero con bastidor, sin estante.<br \/>\nSe suministra montado y totalmente\u00a0soldado.<\/p>","protected":false},"featured_media":5785,"template":"","meta":[],"product_cat":[68,94],"product_tag":[],"class_list":{"0":"post-5779","1":"product","2":"type-product","3":"status-publish","4":"has-post-thumbnail","6":"product_cat-equipamiento-inoxidable","7":"product_cat-lavado","9":"first","10":"instock","11":"shipping-taxable","12":"purchasable","13":"product-type-simple"},"_links":{"self":[{"href":"https:\/\/hosteocasion.es\/en\/wp-json\/wp\/v2\/product\/5779","targetHints":{"allow":["GET"]}}],"collection":[{"href":"https:\/\/hosteocasion.es\/en\/wp-json\/wp\/v2\/product"}],"about":[{"href":"https:\/\/hosteocasion.es\/en\/wp-json\/wp\/v2\/types\/product"}],"wp:featuredmedia":[{"embeddable":true,"href":"https:\/\/hosteocasion.es\/en\/wp-json\/wp\/v2\/media\/5785"}],"wp:attachment":[{"href":"https:\/\/hosteocasion.es\/en\/wp-json\/wp\/v2\/media?parent=5779"}],"wp:term":[{"taxonomy":"product_cat","embeddable":true,"href":"https:\/\/hosteocasion.es\/en\/wp-json\/wp\/v2\/product_cat?post=5779"},{"taxonomy":"product_tag","embeddable":true,"href":"https:\/\/hosteocasion.es\/en\/wp-json\/wp\/v2\/product_tag?post=5779"}],"curies":[{"name":"wp","href":"https:\/\/api.w.org\/{rel}","templated":true}]}}